{"id":837,"date":"2025-03-04T21:49:25","date_gmt":"2025-03-04T21:49:25","guid":{"rendered":"https:\/\/codevi.com\/?page_id=837"},"modified":"2025-09-16T22:02:42","modified_gmt":"2025-09-16T22:02:42","slug":"dirabilite-ak-lavni","status":"publish","type":"page","link":"https:\/\/codevi.com\/ht\/dirabilite-ak-lavni\/","title":{"rendered":"Dirabilite ak lavni"},"content":{"rendered":"<p>Nan <strong>CODEVI<\/strong>, dirabilite ak byenn\u00e8t kominot\u00e8 a se baz tout sa n ap f\u00e8. Estrateji konpl\u00e8 nou yo konsantre sou diminye enpak anviw\u00f2nman an, devlope talan nan f\u00f2s travay nou an, epi amelyore kalite lavi nan kominote ki antoure yo.<\/p>\n<p>Depi nan pratik ekolojik rive nan devlopman konpetans ak inisyativ sosyal, chak ef\u00f2 reflete misyon fiks nou: kreye yon lavni ki pi v\u00e8t ak responsab, pandan n ap ankouraje yon enpak pozitif ki dire lontan. Ansanm, n ap pouse pwogr\u00e8 pou moun ak pou plan\u00e8t la.<\/p>\n","protected":false},"excerpt":{"rendered":"<p><strong>Opsyon dirab<\/strong>. Enpak ki dire lontan.<\/p>\n","protected":false},"author":1,"featured_media":1176,"parent":0,"menu_order":0,"comment_status":"closed","ping_status":"closed","template":"templates\/page-sustainability.php","meta":{"footnotes":""},"class_list":["post-837","page","type-page","status-publish","has-post-thumbnail","hentry"],"acf":[],"aioseo_notices":[],"_links":{"self":[{"href":"https:\/\/codevi.com\/ht\/wp-json\/wp\/v2\/pages\/837","targetHints":{"allow":["GET"]}}],"collection":[{"href":"https:\/\/codevi.com\/ht\/wp-json\/wp\/v2\/pages"}],"about":[{"href":"https:\/\/codevi.com\/ht\/wp-json\/wp\/v2\/types\/page"}],"author":[{"embeddable":true,"href":"https:\/\/codevi.com\/ht\/wp-json\/wp\/v2\/users\/1"}],"replies":[{"embeddable":true,"href":"https:\/\/codevi.com\/ht\/wp-json\/wp\/v2\/comments?post=837"}],"version-history":[{"count":6,"href":"https:\/\/codevi.com\/ht\/wp-json\/wp\/v2\/pages\/837\/revisions"}],"predecessor-version":[{"id":1006,"href":"https:\/\/codevi.com\/ht\/wp-json\/wp\/v2\/pages\/837\/revisions\/1006"}],"wp:featuredmedia":[{"embeddable":true,"href":"https:\/\/codevi.com\/ht\/wp-json\/wp\/v2\/media\/1176"}],"wp:attachment":[{"href":"https:\/\/codevi.com\/ht\/wp-json\/wp\/v2\/media?parent=837"}],"curies":[{"name":"wp","href":"https:\/\/api.w.org\/{rel}","templated":true}]}}