{"id":834,"date":"2025-03-04T21:49:34","date_gmt":"2025-03-04T21:49:34","guid":{"rendered":"https:\/\/codevi.com\/?page_id=834"},"modified":"2025-09-12T19:48:22","modified_gmt":"2025-09-12T19:48:22","slug":"devlopman-ekip-ak-talan","status":"publish","type":"page","link":"https:\/\/codevi.com\/ht\/devlopman-ekip-ak-talan\/","title":{"rendered":"Devlopman ekip ak talan"},"content":{"rendered":"<p><span style=\"font-weight: 400;\">Nan <strong>CODEVI<\/strong>, nou rekon\u00e8t pi gwo resous nou se moun nou yo. Apw\u00f2ch nou nan jesyon resous imen konsantre sou kreye yon anviw\u00f2nman travay enklizif ak an sekirite ki ankouraje kwasans pwofesyon\u00e8l ak p\u00e8son\u00e8l.<\/span><\/p>\n<p><span style=\"font-weight: 400;\">Av\u00e8k pwogram inovat\u00e8, avantaj sosyal ak op\u00f2tinite devlopman, nou bati yon kominote travay kote talan ka devlope.<\/span><\/p>\n","protected":false},"excerpt":{"rendered":"<p>Motive <strong>pa moun yo<\/strong>, motive pa yon objektif.<\/p>\n","protected":false},"author":1,"featured_media":835,"parent":0,"menu_order":0,"comment_status":"closed","ping_status":"closed","template":"templates\/page-team-talent.php","meta":{"footnotes":""},"class_list":["post-834","page","type-page","status-publish","has-post-thumbnail","hentry"],"acf":[],"aioseo_notices":[],"_links":{"self":[{"href":"https:\/\/codevi.com\/ht\/wp-json\/wp\/v2\/pages\/834","targetHints":{"allow":["GET"]}}],"collection":[{"href":"https:\/\/codevi.com\/ht\/wp-json\/wp\/v2\/pages"}],"about":[{"href":"https:\/\/codevi.com\/ht\/wp-json\/wp\/v2\/types\/page"}],"author":[{"embeddable":true,"href":"https:\/\/codevi.com\/ht\/wp-json\/wp\/v2\/users\/1"}],"replies":[{"embeddable":true,"href":"https:\/\/codevi.com\/ht\/wp-json\/wp\/v2\/comments?post=834"}],"version-history":[{"count":5,"href":"https:\/\/codevi.com\/ht\/wp-json\/wp\/v2\/pages\/834\/revisions"}],"predecessor-version":[{"id":861,"href":"https:\/\/codevi.com\/ht\/wp-json\/wp\/v2\/pages\/834\/revisions\/861"}],"wp:featuredmedia":[{"embeddable":true,"href":"https:\/\/codevi.com\/ht\/wp-json\/wp\/v2\/media\/835"}],"wp:attachment":[{"href":"https:\/\/codevi.com\/ht\/wp-json\/wp\/v2\/media?parent=834"}],"curies":[{"name":"wp","href":"https:\/\/api.w.org\/{rel}","templated":true}]}}