{"id":828,"date":"2025-03-05T19:47:45","date_gmt":"2025-03-05T19:47:45","guid":{"rendered":"https:\/\/codevi.com\/?page_id=828"},"modified":"2025-09-12T19:00:47","modified_gmt":"2025-09-12T19:00:47","slug":"sevis","status":"publish","type":"page","link":"https:\/\/codevi.com\/ht\/sevis\/","title":{"rendered":"S\u00e8vis"},"content":{"rendered":"","protected":false},"excerpt":{"rendered":"<p>Nou ofri <strong>yon pak\u00e8t s\u00e8vis konpl\u00e8<\/strong> ki f\u00e8t pou sip\u00f2te operasyon w yo chak jou epi maksimize efikasite.<\/p>\n","protected":false},"author":1,"featured_media":829,"parent":0,"menu_order":0,"comment_status":"closed","ping_status":"closed","template":"templates\/page-services.php","meta":{"footnotes":""},"class_list":["post-828","page","type-page","status-publish","has-post-thumbnail","hentry"],"acf":[],"aioseo_notices":[],"_links":{"self":[{"href":"https:\/\/codevi.com\/ht\/wp-json\/wp\/v2\/pages\/828","targetHints":{"allow":["GET"]}}],"collection":[{"href":"https:\/\/codevi.com\/ht\/wp-json\/wp\/v2\/pages"}],"about":[{"href":"https:\/\/codevi.com\/ht\/wp-json\/wp\/v2\/types\/page"}],"author":[{"embeddable":true,"href":"https:\/\/codevi.com\/ht\/wp-json\/wp\/v2\/users\/1"}],"replies":[{"embeddable":true,"href":"https:\/\/codevi.com\/ht\/wp-json\/wp\/v2\/comments?post=828"}],"version-history":[{"count":2,"href":"https:\/\/codevi.com\/ht\/wp-json\/wp\/v2\/pages\/828\/revisions"}],"predecessor-version":[{"id":848,"href":"https:\/\/codevi.com\/ht\/wp-json\/wp\/v2\/pages\/828\/revisions\/848"}],"wp:featuredmedia":[{"embeddable":true,"href":"https:\/\/codevi.com\/ht\/wp-json\/wp\/v2\/media\/829"}],"wp:attachment":[{"href":"https:\/\/codevi.com\/ht\/wp-json\/wp\/v2\/media?parent=828"}],"curies":[{"name":"wp","href":"https:\/\/api.w.org\/{rel}","templated":true}]}}