{"id":801,"date":"2025-03-04T21:49:01","date_gmt":"2025-03-04T21:49:01","guid":{"rendered":"https:\/\/codevi.com\/industrial-park\/"},"modified":"2025-09-25T20:08:08","modified_gmt":"2025-09-25T20:08:08","slug":"pak-endistriyel","status":"publish","type":"page","link":"https:\/\/codevi.com\/ht\/pak-endistriyel\/","title":{"rendered":"Pak Endistriy\u00e8l"},"content":{"rendered":"<p>CODEVI te fonde an 2002 e li te k\u00f2manse fonksyone an 2003. Se yon kanmpis endistriy\u00e8l pyonye ki sitiye nan Wanament, Ayiti. li te k\u00f2manse ak s\u00e8lman de bilding endistriy\u00e8l ki te mezire 14,000 m\u00e8t kare, ki vin tounen yon sant dinamik ki depase 460,000 m\u00e8t kare ak enfrastrikti mod\u00e8n.<\/p>\n<p>Jodi a, CODEVI gen 30 faktori fabrikasyon epi li s\u00e8vi yon pak\u00e8t kliyan ent\u00e8nasyonal.<\/p>\n<p>Misyon CODEVI chita sou yon gwo angajman nan dirabilite ak inovasyon. Pak la entegre solisyon en\u00e8ji renouvlab, sist\u00e8m jesyon dlo efikas ak pratik<br \/>\nanviw\u00f2nman avanse pou garanti yon kwasans responsab ak yon enpak ki dire lontan. Anplis reyalizasyon endistriy\u00e8l li yo, CODEVI antre tou nan devlopman kominot\u00e8. Av\u00e8k inisyativ tankou Le Kantine, sant agroforestal, ak Zaboka (yon pwogram lokal pou pwodiksyon manje), CODEVI soutni sekirite alimant\u00e8 ak ranf\u00f2se kapasite kominote a.<\/p>\n<p>Anplis, sant f\u00f2masyon pwofesyon\u00e8l L\u2019Ekol ak sant gadri Tipa Tipa bagay sa yo demontre envestisman pwofon CODEVI nan edikasyon ak byenn\u00e8t<br \/>\nanplwaye li yo. K\u00f2m yon limy\u00e8 pwogr\u00e8 nan Ayiti, CODEVI kontinye pouse kwasans ekonomik, ankouraje inovasyon ak devlopman dirab, epi li tabli k\u00f2m yon referans pou l\u00f2t pak endistriy\u00e8l nan tout rejyon an.<\/p>\n","protected":false},"excerpt":{"rendered":"<p>CODEVI, yon kanmpis endistriy\u00e8l ki konsantre sou dirabilite, devlopman kominot\u00e8 ak kwasans.<\/p>\n","protected":false},"author":1,"featured_media":1017,"parent":0,"menu_order":0,"comment_status":"closed","ping_status":"closed","template":"templates\/page-about-us.php","meta":{"footnotes":""},"class_list":["post-801","page","type-page","status-publish","has-post-thumbnail","hentry"],"acf":[],"aioseo_notices":[],"_links":{"self":[{"href":"https:\/\/codevi.com\/ht\/wp-json\/wp\/v2\/pages\/801","targetHints":{"allow":["GET"]}}],"collection":[{"href":"https:\/\/codevi.com\/ht\/wp-json\/wp\/v2\/pages"}],"about":[{"href":"https:\/\/codevi.com\/ht\/wp-json\/wp\/v2\/types\/page"}],"author":[{"embeddable":true,"href":"https:\/\/codevi.com\/ht\/wp-json\/wp\/v2\/users\/1"}],"replies":[{"embeddable":true,"href":"https:\/\/codevi.com\/ht\/wp-json\/wp\/v2\/comments?post=801"}],"version-history":[{"count":7,"href":"https:\/\/codevi.com\/ht\/wp-json\/wp\/v2\/pages\/801\/revisions"}],"predecessor-version":[{"id":1106,"href":"https:\/\/codevi.com\/ht\/wp-json\/wp\/v2\/pages\/801\/revisions\/1106"}],"wp:featuredmedia":[{"embeddable":true,"href":"https:\/\/codevi.com\/ht\/wp-json\/wp\/v2\/media\/1017"}],"wp:attachment":[{"href":"https:\/\/codevi.com\/ht\/wp-json\/wp\/v2\/media?parent=801"}],"curies":[{"name":"wp","href":"https:\/\/api.w.org\/{rel}","templated":true}]}}