{"id":730,"date":"2025-03-04T21:50:16","date_gmt":"2025-03-04T21:50:16","guid":{"rendered":"https:\/\/codevi.com\/?page_id=730"},"modified":"2025-09-11T16:18:55","modified_gmt":"2025-09-11T16:18:55","slug":"home","status":"publish","type":"page","link":"https:\/\/codevi.com\/ht\/","title":{"rendered":"Paj dak\u00e8y"},"content":{"rendered":"<p>Fonde an 2002, CODEVI se yon kanmpis endistriy\u00e8l pyonye ki grandi de 14,000 m2 pou rive plis pase 480,000 m2 ak enfrastrikti avanse, e kounye a li resevwa plis pase 15 mak ent\u00e8nasyonal.<\/p>\n<p>Angaje nan dirabilite, CODEVI entegre en\u00e8ji renouvlab, jesyon dlo efikas ak pratik anviw\u00f2nman avanse. Av\u00e8k inisyativ tankou ; Kantine, Zaboka, L\u2019Ekol, Tipa Tipa, Carplar, Radio T\u00e9l\u00e9 Border Power, Sant Medikal ak Sant Ijans, CODEVI ankouraje devlopman kominot\u00e8, inovasyon ak pwogr\u00e8. Kanmpis la ofri tou, s\u00e8vis ot\u00e8l ak restoran ki f\u00e8t pou satisf\u00e8 bezwen kominote biznis nou an.<\/p>\n","protected":false},"excerpt":{"rendered":"<p>Fonde an 2002, CODEVI se yon kanmpis endistriy\u00e8l pyonye ki grandi de 14,000 m2 pou rive plis pase 480,000 m2 ak enfrastrikti avanse, e kounye a li resevwa plis pase 15 mak ent\u00e8nasyonal. Angaje nan dirabilite, CODEVI entegre en\u00e8ji renouvlab, jesyon dlo efikas ak pratik anviw\u00f2nman avanse. Av\u00e8k inisyativ tankou ; Kantine, Zaboka, L\u2019Ekol, Tipa [&hellip;]<\/p>\n","protected":false},"author":1,"featured_media":0,"parent":0,"menu_order":0,"comment_status":"closed","ping_status":"closed","template":"front-page.php","meta":{"footnotes":""},"class_list":["post-730","page","type-page","status-publish","hentry"],"acf":[],"aioseo_notices":[],"_links":{"self":[{"href":"https:\/\/codevi.com\/ht\/wp-json\/wp\/v2\/pages\/730","targetHints":{"allow":["GET"]}}],"collection":[{"href":"https:\/\/codevi.com\/ht\/wp-json\/wp\/v2\/pages"}],"about":[{"href":"https:\/\/codevi.com\/ht\/wp-json\/wp\/v2\/types\/page"}],"author":[{"embeddable":true,"href":"https:\/\/codevi.com\/ht\/wp-json\/wp\/v2\/users\/1"}],"replies":[{"embeddable":true,"href":"https:\/\/codevi.com\/ht\/wp-json\/wp\/v2\/comments?post=730"}],"version-history":[{"count":4,"href":"https:\/\/codevi.com\/ht\/wp-json\/wp\/v2\/pages\/730\/revisions"}],"predecessor-version":[{"id":749,"href":"https:\/\/codevi.com\/ht\/wp-json\/wp\/v2\/pages\/730\/revisions\/749"}],"wp:attachment":[{"href":"https:\/\/codevi.com\/ht\/wp-json\/wp\/v2\/media?parent=730"}],"curies":[{"name":"wp","href":"https:\/\/api.w.org\/{rel}","templated":true}]}}