{"id":59,"date":"2025-03-04T21:50:16","date_gmt":"2025-03-04T21:50:16","guid":{"rendered":"https:\/\/codevi.com\/inicio\/"},"modified":"2025-09-10T16:56:49","modified_gmt":"2025-09-10T16:56:49","slug":"home","status":"publish","type":"page","link":"https:\/\/codevi.com\/es\/","title":{"rendered":"Inicio"},"content":{"rendered":"<p>Fundado en 2002, CODEVI es un campus industrial pionero que ha crecido de 14.000 m\u00b2 a m\u00e1s de 480.000 m\u00b2 de infraestructura de vanguardia, y que ahora alberga a m\u00e1s de 15 marcas globales.<\/p>\n<p>Comprometido con la sostenibilidad, CODEVI integra energ\u00edas renovables, gesti\u00f3n eficiente del agua y pr\u00e1cticas ambientales avanzadas. A trav\u00e9s de iniciativas como Le Kantine, Zaboka, L\u2019Ekol, Tipa Tipa, Carplar, Radio T\u00e9l\u00e9 Border Power, el Centro M\u00e9dico y el Centro de Emergencias, CODEVI impulsa el desarrollo comunitario y fomenta la innovaci\u00f3n y el progreso. El campus tambi\u00e9n ofrece acceso a servicios de hosteler\u00eda, incluyendo un hotel y restaurante en las instalaciones, dise\u00f1ados para satisfacer las necesidades de nuestra comunidad comercial.<\/p>\n","protected":false},"excerpt":{"rendered":"<p>Fundado en 2002, CODEVI es un campus industrial pionero que ha crecido de 14.000 m\u00b2 a m\u00e1s de 480.000 m\u00b2 de infraestructura de vanguardia, y que ahora alberga a m\u00e1s de 15 marcas globales. Comprometido con la sostenibilidad, CODEVI integra energ\u00edas renovables, gesti\u00f3n eficiente del agua y pr\u00e1cticas ambientales avanzadas. A trav\u00e9s de iniciativas como [&hellip;]<\/p>\n","protected":false},"author":1,"featured_media":0,"parent":0,"menu_order":0,"comment_status":"closed","ping_status":"closed","template":"front-page.php","meta":{"footnotes":""},"class_list":["post-59","page","type-page","status-publish","hentry"],"acf":[],"aioseo_notices":[],"_links":{"self":[{"href":"https:\/\/codevi.com\/es\/wp-json\/wp\/v2\/pages\/59","targetHints":{"allow":["GET"]}}],"collection":[{"href":"https:\/\/codevi.com\/es\/wp-json\/wp\/v2\/pages"}],"about":[{"href":"https:\/\/codevi.com\/es\/wp-json\/wp\/v2\/types\/page"}],"author":[{"embeddable":true,"href":"https:\/\/codevi.com\/es\/wp-json\/wp\/v2\/users\/1"}],"replies":[{"embeddable":true,"href":"https:\/\/codevi.com\/es\/wp-json\/wp\/v2\/comments?post=59"}],"version-history":[{"count":6,"href":"https:\/\/codevi.com\/es\/wp-json\/wp\/v2\/pages\/59\/revisions"}],"predecessor-version":[{"id":494,"href":"https:\/\/codevi.com\/es\/wp-json\/wp\/v2\/pages\/59\/revisions\/494"}],"wp:attachment":[{"href":"https:\/\/codevi.com\/es\/wp-json\/wp\/v2\/media?parent=59"}],"curies":[{"name":"wp","href":"https:\/\/api.w.org\/{rel}","templated":true}]}}