{"id":474,"date":"2025-03-04T21:49:01","date_gmt":"2025-03-04T21:49:01","guid":{"rendered":"https:\/\/codevi.com\/?page_id=474"},"modified":"2025-09-11T18:07:14","modified_gmt":"2025-09-11T18:07:14","slug":"parque-industrial","status":"publish","type":"page","link":"https:\/\/codevi.com\/es\/parque-industrial\/","title":{"rendered":"Parque industrial"},"content":{"rendered":"<p>Fundado en 2002 y en funcionamiento desde 2003, CODEVI es un campus industrial pionero ubicado en Juana M\u00e9ndez, Hait\u00ed. Lo que comenz\u00f3 con tan solo dos edificios industriales de 14.000 metros cuadrados se ha convertido en un centro din\u00e1mico de m\u00e1s de 460.000 metros cuadrados de infraestructura de vanguardia.<\/p>\n<p>Hoy en d\u00eda, CODEVI alberga 30 plantas de fabricaci\u00f3n y presta servicios a una amplia gama de clientes globales.<\/p>\n<p>La misi\u00f3n de CODEVI se basa en un firme compromiso con la sostenibilidad y la innovaci\u00f3n. El parque integra soluciones de energ\u00eda renovable, sistemas eficientes de gesti\u00f3n del agua y pr\u00e1cticas ambientales avanzadas para garantizar un crecimiento responsable y un impacto a largo plazo. M\u00e1s all\u00e1 de sus logros industriales, CODEVI est\u00e1 profundamente arraigado en el desarrollo comunitario. A trav\u00e9s de iniciativas como Le Kantine, el centro agroforestal, y Zaboka (un programa local de producci\u00f3n de alimentos), CODEVI apoya la seguridad alimentaria y el empoderamiento local.<\/p>\n<p>Adem\u00e1s, su centro de formaci\u00f3n profesional, L&#8217;Ekol, y el centro de atenci\u00f3n infantil Tipa Tipa, reflejan una profunda inversi\u00f3n en la educaci\u00f3n y el bienestar de sus empleados. Como faro de progreso en Hait\u00ed, CODEVI contin\u00faa impulsando el crecimiento econ\u00f3mico, fomentando la innovaci\u00f3n y promoviendo el desarrollo sostenible, estableciendo un punto de referencia para los parques industriales en toda la regi\u00f3n.<\/p>\n","protected":false},"excerpt":{"rendered":"<p>CODEVI UN CAMPUS INDUSTRIAL ENFOCADO EN LA SOSTENIBILIDAD, EL DESARROLLO COMUNITARIO Y EL CRECIMIENTO.<\/p>\n","protected":false},"author":1,"featured_media":314,"parent":0,"menu_order":0,"comment_status":"closed","ping_status":"closed","template":"templates\/page-about-us.php","meta":{"footnotes":""},"class_list":["post-474","page","type-page","status-publish","has-post-thumbnail","hentry"],"acf":[],"aioseo_notices":[],"_links":{"self":[{"href":"https:\/\/codevi.com\/es\/wp-json\/wp\/v2\/pages\/474","targetHints":{"allow":["GET"]}}],"collection":[{"href":"https:\/\/codevi.com\/es\/wp-json\/wp\/v2\/pages"}],"about":[{"href":"https:\/\/codevi.com\/es\/wp-json\/wp\/v2\/types\/page"}],"author":[{"embeddable":true,"href":"https:\/\/codevi.com\/es\/wp-json\/wp\/v2\/users\/1"}],"replies":[{"embeddable":true,"href":"https:\/\/codevi.com\/es\/wp-json\/wp\/v2\/comments?post=474"}],"version-history":[{"count":12,"href":"https:\/\/codevi.com\/es\/wp-json\/wp\/v2\/pages\/474\/revisions"}],"predecessor-version":[{"id":783,"href":"https:\/\/codevi.com\/es\/wp-json\/wp\/v2\/pages\/474\/revisions\/783"}],"wp:featuredmedia":[{"embeddable":true,"href":"https:\/\/codevi.com\/es\/wp-json\/wp\/v2\/media\/314"}],"wp:attachment":[{"href":"https:\/\/codevi.com\/es\/wp-json\/wp\/v2\/media?parent=474"}],"curies":[{"name":"wp","href":"https:\/\/api.w.org\/{rel}","templated":true}]}}