{"id":463,"date":"2025-03-04T21:49:25","date_gmt":"2025-03-04T21:49:25","guid":{"rendered":"https:\/\/codevi.com\/?page_id=463"},"modified":"2025-10-30T14:51:16","modified_gmt":"2025-10-30T14:51:16","slug":"sostenibilidad-y-futuro","status":"publish","type":"page","link":"https:\/\/codevi.com\/es\/sostenibilidad-y-futuro\/","title":{"rendered":"Sostenibilidad y Futuro"},"content":{"rendered":"<p>En <strong>CODEVI<\/strong>, la sostenibilidad y el bienestar comunitario son la base de todo lo que hacemos. Nuestras estrategias integrales se centran en reducir el impacto ambiental, impulsar el talento de nuestra fuerza laboral y mejorar la calidad de vida de las comunidades circundantes.<\/p>\n<p>Desde pr\u00e1cticas ecol\u00f3gicas hasta el desarrollo de habilidades e iniciativas sociales, cada esfuerzo refleja nuestra firme misi\u00f3n: crear un futuro m\u00e1s verde y responsable, a la vez que fomentamos un impacto positivo y duradero. Juntos, impulsamos el progreso para las personas y el planeta.<\/p>\n","protected":false},"excerpt":{"rendered":"<p><strong>Opciones sostenibles.<\/strong> Impacto duradero.<\/p>\n","protected":false},"author":1,"featured_media":765,"parent":0,"menu_order":0,"comment_status":"closed","ping_status":"closed","template":"templates\/page-sustainability.php","meta":{"footnotes":""},"class_list":["post-463","page","type-page","status-publish","has-post-thumbnail","hentry"],"acf":[],"aioseo_notices":[],"_links":{"self":[{"href":"https:\/\/codevi.com\/es\/wp-json\/wp\/v2\/pages\/463","targetHints":{"allow":["GET"]}}],"collection":[{"href":"https:\/\/codevi.com\/es\/wp-json\/wp\/v2\/pages"}],"about":[{"href":"https:\/\/codevi.com\/es\/wp-json\/wp\/v2\/types\/page"}],"author":[{"embeddable":true,"href":"https:\/\/codevi.com\/es\/wp-json\/wp\/v2\/users\/1"}],"replies":[{"embeddable":true,"href":"https:\/\/codevi.com\/es\/wp-json\/wp\/v2\/comments?post=463"}],"version-history":[{"count":7,"href":"https:\/\/codevi.com\/es\/wp-json\/wp\/v2\/pages\/463\/revisions"}],"predecessor-version":[{"id":1178,"href":"https:\/\/codevi.com\/es\/wp-json\/wp\/v2\/pages\/463\/revisions\/1178"}],"wp:featuredmedia":[{"embeddable":true,"href":"https:\/\/codevi.com\/es\/wp-json\/wp\/v2\/media\/765"}],"wp:attachment":[{"href":"https:\/\/codevi.com\/es\/wp-json\/wp\/v2\/media?parent=463"}],"curies":[{"name":"wp","href":"https:\/\/api.w.org\/{rel}","templated":true}]}}