{"id":453,"date":"2025-03-04T21:49:54","date_gmt":"2025-03-04T21:49:54","guid":{"rendered":"https:\/\/codevi.com\/?page_id=453"},"modified":"2025-07-31T15:02:41","modified_gmt":"2025-07-31T15:02:41","slug":"contacto","status":"publish","type":"page","link":"https:\/\/codevi.com\/es\/contacto\/","title":{"rendered":"Contacto"},"content":{"rendered":"","protected":false},"excerpt":{"rendered":"<p>Estamos aqu\u00ed para ayudarte. Descubre c\u00f3mo CODEVI puede formar parte de tu pr\u00f3ximo proyecto o ayudarte con tus consultas.<\/p>\n","protected":false},"author":1,"featured_media":281,"parent":0,"menu_order":0,"comment_status":"closed","ping_status":"closed","template":"templates\/page-contact.php","meta":{"footnotes":""},"class_list":["post-453","page","type-page","status-publish","has-post-thumbnail","hentry"],"acf":[],"aioseo_notices":[],"_links":{"self":[{"href":"https:\/\/codevi.com\/es\/wp-json\/wp\/v2\/pages\/453","targetHints":{"allow":["GET"]}}],"collection":[{"href":"https:\/\/codevi.com\/es\/wp-json\/wp\/v2\/pages"}],"about":[{"href":"https:\/\/codevi.com\/es\/wp-json\/wp\/v2\/types\/page"}],"author":[{"embeddable":true,"href":"https:\/\/codevi.com\/es\/wp-json\/wp\/v2\/users\/1"}],"replies":[{"embeddable":true,"href":"https:\/\/codevi.com\/es\/wp-json\/wp\/v2\/comments?post=453"}],"version-history":[{"count":2,"href":"https:\/\/codevi.com\/es\/wp-json\/wp\/v2\/pages\/453\/revisions"}],"predecessor-version":[{"id":455,"href":"https:\/\/codevi.com\/es\/wp-json\/wp\/v2\/pages\/453\/revisions\/455"}],"wp:featuredmedia":[{"embeddable":true,"href":"https:\/\/codevi.com\/es\/wp-json\/wp\/v2\/media\/281"}],"wp:attachment":[{"href":"https:\/\/codevi.com\/es\/wp-json\/wp\/v2\/media?parent=453"}],"curies":[{"name":"wp","href":"https:\/\/api.w.org\/{rel}","templated":true}]}}